{"id":21,"date":"2022-01-25T12:15:22","date_gmt":"2022-01-25T12:15:22","guid":{"rendered":"https:\/\/boatcheck.ca\/?page_id=21"},"modified":"2025-04-04T15:29:57","modified_gmt":"2025-04-04T15:29:57","slug":"boat-check-demo","status":"publish","type":"page","link":"https:\/\/ccga-m.boatcheck.ca\/fr\/","title":{"rendered":"Bienvenue"},"content":{"rendered":"<p><strong>Welcome to the Pleasure Craft Safety Check (PCSC) Training Portal!<\/strong><\/p>\n<p>This program is delivered by Canadian Coast Guard Auxiliary &#8211; Maritimes Region.<\/p>\n<p>Des v\u00e9rificateurs de s\u00e9curit\u00e9 b\u00e9n\u00e9voles inspecteront l\u2019embarcation et son \u00e9quipement tout en discutant des meilleures pratiques, ce qui en fera de surcro\u00eet une exp\u00e9rience \u00e9ducative. Au cours de ce processus, des informations sont recueillies aupr\u00e8s des conducteurs d'embarcations de plaisance et sont r\u00e9sum\u00e9es dans un rapport contenant des suggestions sur la fa\u00e7on d'am\u00e9liorer leur s\u00e9curit\u00e9 tout en profitant de leur exp\u00e9rience de navigation.<\/p>\n<p>Pour plus d'informations sur les v\u00e9rifications de s\u00e9curit\u00e9 nautique dans votre r\u00e9gion ou sur la documentation utilis\u00e9e comme guide pour ces activit\u00e9s, veuillez visiter :<br \/>\n<a href=\"https:\/\/ccga-gcac.ca\/fr\/accueil\/\" target=\"_blank\" rel=\"noopener\">www.ccga-gcac.ca<\/a><\/p>","protected":false},"excerpt":{"rendered":"<p>Welcome to the Pleasure Craft Safety Check (PCSC) Training Portal! This program is delivered by Canadian Coast Guard Auxiliary &#8211; Maritimes Region. Volunteer safety checkers will inspect the vessel and equipment while discussing best practices making this an educational experience. During this process information is gathered from pleasure craft operators and is summarized in a [&hellip;]<\/p>","protected":false},"author":1167,"featured_media":0,"parent":0,"menu_order":0,"comment_status":"closed","ping_status":"closed","template":"","meta":{"footnotes":""},"class_list":["post-21","page","type-page","status-publish","hentry"],"_links":{"self":[{"href":"https:\/\/ccga-m.boatcheck.ca\/fr\/wp-json\/wp\/v2\/pages\/21","targetHints":{"allow":["GET"]}}],"collection":[{"href":"https:\/\/ccga-m.boatcheck.ca\/fr\/wp-json\/wp\/v2\/pages"}],"about":[{"href":"https:\/\/ccga-m.boatcheck.ca\/fr\/wp-json\/wp\/v2\/types\/page"}],"author":[{"embeddable":true,"href":"https:\/\/ccga-m.boatcheck.ca\/fr\/wp-json\/wp\/v2\/users\/1167"}],"replies":[{"embeddable":true,"href":"https:\/\/ccga-m.boatcheck.ca\/fr\/wp-json\/wp\/v2\/comments?post=21"}],"version-history":[{"count":19,"href":"https:\/\/ccga-m.boatcheck.ca\/fr\/wp-json\/wp\/v2\/pages\/21\/revisions"}],"predecessor-version":[{"id":461,"href":"https:\/\/ccga-m.boatcheck.ca\/fr\/wp-json\/wp\/v2\/pages\/21\/revisions\/461"}],"wp:attachment":[{"href":"https:\/\/ccga-m.boatcheck.ca\/fr\/wp-json\/wp\/v2\/media?parent=21"}],"curies":[{"name":"wp","href":"https:\/\/api.w.org\/{rel}","templated":true}]}}